{"id":11826,"date":"2024-06-18T14:59:03","date_gmt":"2024-06-18T12:59:03","guid":{"rendered":"https:\/\/www.sankt-annaberg.com\/?page_id=11826"},"modified":"2026-04-20T17:20:07","modified_gmt":"2026-04-20T15:20:07","slug":"wine-lounge","status":"publish","type":"page","link":"https:\/\/www.sankt-annaberg.com\/en\/weinlounge\/","title":{"rendered":"Wine lounge"},"content":{"rendered":"<div data-elementor-type=\"wp-page\" data-elementor-id=\"11826\" class=\"elementor elementor-11826\" data-elementor-settings=\"{&quot;element_pack_global_tooltip_width&quot;:{&quot;unit&quot;:&quot;px&quot;,&quot;size&quot;:&quot;&quot;,&quot;sizes&quot;:[]},&quot;element_pack_global_tooltip_width_laptop&quot;:{&quot;unit&quot;:&quot;px&quot;,&quot;size&quot;:&quot;&quot;,&quot;sizes&quot;:[]},&quot;element_pack_global_tooltip_width_tablet_extra&quot;:{&quot;unit&quot;:&quot;px&quot;,&quot;size&quot;:&quot;&quot;,&quot;sizes&quot;:[]},&quot;element_pack_global_tooltip_width_tablet&quot;:{&quot;unit&quot;:&quot;px&quot;,&quot;size&quot;:&quot;&quot;,&quot;sizes&quot;:[]},&quot;element_pack_global_tooltip_width_mobile&quot;:{&quot;unit&quot;:&quot;px&quot;,&quot;size&quot;:&quot;&quot;,&quot;sizes&quot;:[]},&quot;element_pack_global_tooltip_padding&quot;:{&quot;unit&quot;:&quot;px&quot;,&quot;top&quot;:&quot;&quot;,&quot;right&quot;:&quot;&quot;,&quot;bottom&quot;:&quot;&quot;,&quot;left&quot;:&quot;&quot;,&quot;isLinked&quot;:true},&quot;element_pack_global_tooltip_padding_laptop&quot;:{&quot;unit&quot;:&quot;px&quot;,&quot;top&quot;:&quot;&quot;,&quot;right&quot;:&quot;&quot;,&quot;bottom&quot;:&quot;&quot;,&quot;left&quot;:&quot;&quot;,&quot;isLinked&quot;:true},&quot;element_pack_global_tooltip_padding_tablet_extra&quot;:{&quot;unit&quot;:&quot;px&quot;,&quot;top&quot;:&quot;&quot;,&quot;right&quot;:&quot;&quot;,&quot;bottom&quot;:&quot;&quot;,&quot;left&quot;:&quot;&quot;,&quot;isLinked&quot;:true},&quot;element_pack_global_tooltip_padding_tablet&quot;:{&quot;unit&quot;:&quot;px&quot;,&quot;top&quot;:&quot;&quot;,&quot;right&quot;:&quot;&quot;,&quot;bottom&quot;:&quot;&quot;,&quot;left&quot;:&quot;&quot;,&quot;isLinked&quot;:true},&quot;element_pack_global_tooltip_padding_mobile&quot;:{&quot;unit&quot;:&quot;px&quot;,&quot;top&quot;:&quot;&quot;,&quot;right&quot;:&quot;&quot;,&quot;bottom&quot;:&quot;&quot;,&quot;left&quot;:&quot;&quot;,&quot;isLinked&quot;:true},&quot;element_pack_global_tooltip_border_radius&quot;:{&quot;unit&quot;:&quot;px&quot;,&quot;top&quot;:&quot;&quot;,&quot;right&quot;:&quot;&quot;,&quot;bottom&quot;:&quot;&quot;,&quot;left&quot;:&quot;&quot;,&quot;isLinked&quot;:true},&quot;element_pack_global_tooltip_border_radius_laptop&quot;:{&quot;unit&quot;:&quot;px&quot;,&quot;top&quot;:&quot;&quot;,&quot;right&quot;:&quot;&quot;,&quot;bottom&quot;:&quot;&quot;,&quot;left&quot;:&quot;&quot;,&quot;isLinked&quot;:true},&quot;element_pack_global_tooltip_border_radius_tablet_extra&quot;:{&quot;unit&quot;:&quot;px&quot;,&quot;top&quot;:&quot;&quot;,&quot;right&quot;:&quot;&quot;,&quot;bottom&quot;:&quot;&quot;,&quot;left&quot;:&quot;&quot;,&quot;isLinked&quot;:true},&quot;element_pack_global_tooltip_border_radius_tablet&quot;:{&quot;unit&quot;:&quot;px&quot;,&quot;top&quot;:&quot;&quot;,&quot;right&quot;:&quot;&quot;,&quot;bottom&quot;:&quot;&quot;,&quot;left&quot;:&quot;&quot;,&quot;isLinked&quot;:true},&quot;element_pack_global_tooltip_border_radius_mobile&quot;:{&quot;unit&quot;:&quot;px&quot;,&quot;top&quot;:&quot;&quot;,&quot;right&quot;:&quot;&quot;,&quot;bottom&quot;:&quot;&quot;,&quot;left&quot;:&quot;&quot;,&quot;isLinked&quot;:true}}\" data-elementor-post-type=\"page\">\n\t\t\t\t\t\t<section class=\"elementor-section elementor-top-section elementor-element elementor-element-7d7678f elementor-section-height-min-height elementor-hidden-mobile elementor-hidden-tablet elementor-section-boxed elementor-section-height-default elementor-section-items-middle\" data-id=\"7d7678f\" data-element_type=\"section\" data-e-type=\"section\">\n\t\t\t\t\t\t<div class=\"elementor-container elementor-column-gap-default\">\n\t\t\t\t\t<div class=\"elementor-column elementor-col-100 elementor-top-column elementor-element elementor-element-06f4c88\" data-id=\"06f4c88\" data-element_type=\"column\" data-e-type=\"column\">\n\t\t\t<div class=\"elementor-widget-wrap\">\n\t\t\t\t\t\t\t<\/div>\n\t\t<\/div>\n\t\t\t\t\t<\/div>\n\t\t<\/section>\n\t\t\t\t<section class=\"elementor-section elementor-top-section elementor-element elementor-element-5fdf379 elementor-section-full_width elementor-section-height-min-height elementor-section-items-bottom qodef-elementor-content-grid elementor-section-content-bottom elementor-section-height-default\" data-id=\"5fdf379\" data-element_type=\"section\" data-e-type=\"section\" data-settings=\"{&quot;background_background&quot;:&quot;classic&quot;}\">\n\t\t\t\t\t\t<div class=\"elementor-container elementor-column-gap-default\">\n\t\t\t\t\t<div class=\"elementor-column elementor-col-100 elementor-top-column elementor-element elementor-element-b732801\" data-id=\"b732801\" data-element_type=\"column\" data-e-type=\"column\">\n\t\t\t<div class=\"elementor-widget-wrap\">\n\t\t\t\t\t\t\t<\/div>\n\t\t<\/div>\n\t\t\t\t\t<\/div>\n\t\t<\/section>\n\t\t\t\t<section class=\"elementor-section elementor-top-section elementor-element elementor-element-5939b3e elementor-section-boxed elementor-section-height-default elementor-section-height-default\" data-id=\"5939b3e\" data-element_type=\"section\" data-e-type=\"section\">\n\t\t\t\t\t\t<div class=\"elementor-container elementor-column-gap-default\">\n\t\t\t\t\t<div class=\"elementor-column elementor-col-100 elementor-top-column elementor-element elementor-element-ce91ae7\" data-id=\"ce91ae7\" data-element_type=\"column\" data-e-type=\"column\">\n\t\t\t<div class=\"elementor-widget-wrap elementor-element-populated\">\n\t\t\t\t\t\t<div class=\"elementor-element elementor-element-5eeb5db elementor-widget elementor-widget-spacer\" data-id=\"5eeb5db\" data-element_type=\"widget\" data-e-type=\"widget\" data-widget_type=\"spacer.default\">\n\t\t\t\t<div class=\"elementor-widget-container\">\n\t\t\t\t\t\t\t<div class=\"elementor-spacer\">\n\t\t\t<div class=\"elementor-spacer-inner\"><\/div>\n\t\t<\/div>\n\t\t\t\t\t\t<\/div>\n\t\t\t\t<\/div>\n\t\t\t\t<div class=\"elementor-element elementor-element-7d646b8 elementor-widget elementor-widget-spacer\" data-id=\"7d646b8\" data-element_type=\"widget\" data-e-type=\"widget\" data-widget_type=\"spacer.default\">\n\t\t\t\t<div class=\"elementor-widget-container\">\n\t\t\t\t\t\t\t<div class=\"elementor-spacer\">\n\t\t\t<div class=\"elementor-spacer-inner\"><\/div>\n\t\t<\/div>\n\t\t\t\t\t\t<\/div>\n\t\t\t\t<\/div>\n\t\t\t\t<div class=\"elementor-element elementor-element-d527e4b elementor-invisible elementor-widget elementor-widget-heading\" data-id=\"d527e4b\" data-element_type=\"widget\" data-e-type=\"widget\" data-settings=\"{&quot;_animation&quot;:&quot;fadeIn&quot;}\" data-widget_type=\"heading.default\">\n\t\t\t\t<div class=\"elementor-widget-container\">\n\t\t\t\t\t<h3 class=\"elementor-heading-title elementor-size-default\">Wine lounge \"355 NN\"<\/h3>\t\t\t\t<\/div>\n\t\t\t\t<\/div>\n\t\t\t\t<div class=\"elementor-element elementor-element-e816e84 elementor-widget elementor-widget-text-editor\" data-id=\"e816e84\" data-element_type=\"widget\" data-e-type=\"widget\" data-widget_type=\"text-editor.default\">\n\t\t\t\t<div class=\"elementor-widget-container\">\n\t\t\t\t\t\t\t\t\t<p>As our guest, you can taste the wine assortments of the Sankt Annaberg and Lergenm\u00fcller wineries in our wine lounge \"355 NN\".<\/p><p>We also serve Palatinate snacks from the Kieffer butcher's shop in Bad Bergzabern and delicious appetizers.<\/p><p>You can enjoy the many hours of sunshine on our panoramic terrace with a view of the Rhine plain.<\/p>\t\t\t\t\t\t\t\t<\/div>\n\t\t\t\t<\/div>\n\t\t\t\t\t<\/div>\n\t\t<\/div>\n\t\t\t\t\t<\/div>\n\t\t<\/section>\n\t\t\t\t<section class=\"elementor-section elementor-top-section elementor-element elementor-element-d3a31e2 elementor-section-boxed elementor-section-height-default elementor-section-height-default\" data-id=\"d3a31e2\" data-element_type=\"section\" data-e-type=\"section\" id=\"weinlounge\">\n\t\t\t\t\t\t<div class=\"elementor-container elementor-column-gap-default\">\n\t\t\t\t\t<div class=\"elementor-column elementor-col-100 elementor-top-column elementor-element elementor-element-ed772d0\" data-id=\"ed772d0\" data-element_type=\"column\" data-e-type=\"column\">\n\t\t\t<div class=\"elementor-widget-wrap elementor-element-populated\">\n\t\t\t\t\t\t<div class=\"elementor-element elementor-element-84dd679 elementor-widget elementor-widget-spacer\" data-id=\"84dd679\" data-element_type=\"widget\" data-e-type=\"widget\" data-widget_type=\"spacer.default\">\n\t\t\t\t<div class=\"elementor-widget-container\">\n\t\t\t\t\t\t\t<div class=\"elementor-spacer\">\n\t\t\t<div class=\"elementor-spacer-inner\"><\/div>\n\t\t<\/div>\n\t\t\t\t\t\t<\/div>\n\t\t\t\t<\/div>\n\t\t\t\t<div class=\"elementor-element elementor-element-1f8971d elementor-widget elementor-widget-heading\" data-id=\"1f8971d\" data-element_type=\"widget\" data-e-type=\"widget\" data-widget_type=\"heading.default\">\n\t\t\t\t<div class=\"elementor-widget-container\">\n\t\t\t\t\t<h3 class=\"elementor-heading-title elementor-size-default\">Opening hours<\/h3>\t\t\t\t<\/div>\n\t\t\t\t<\/div>\n\t\t\t\t<div class=\"elementor-element elementor-element-b6922ed elementor-widget elementor-widget-text-editor\" data-id=\"b6922ed\" data-element_type=\"widget\" data-e-type=\"widget\" data-widget_type=\"text-editor.default\">\n\t\t\t\t<div class=\"elementor-widget-container\">\n\t\t\t\t\t\t\t\t\t<p>Tue - Sat: 11:00 - 20:00<\/p><p>Sun &amp; Mon: Day off<\/p>\t\t\t\t\t\t\t\t<\/div>\n\t\t\t\t<\/div>\n\t\t\t\t<div class=\"elementor-element elementor-element-98eef26 elementor-widget elementor-widget-qi_addons_for_elementor_image_gallery_masonry\" data-id=\"98eef26\" data-element_type=\"widget\" data-e-type=\"widget\" data-widget_type=\"qi_addons_for_elementor_image_gallery_masonry.default\">\n\t\t\t\t<div class=\"elementor-widget-container\">\n\t\t\t\t\t<div class=\"qodef-shortcode qodef-m qodef-qi-image-gallery-masonry qodef-qi-fslightbox-popup qodef-popup-gallery qodef-image--hover-zoom qodef-qi-grid qodef-layout--qi-masonry qodef-items--fixed qodef-col-num--3 qodef-responsive--predefined\">\n\t<div class=\"qodef-grid-inner\">\n\t\t\t<div class=\"qodef-qi-grid-masonry-sizer\"><\/div>\n<div class=\"qodef-e qodef-image-wrapper qodef-grid-item qodef-item--\">\n\t<div class=\"qodef-e-inner\">\n\t\t\t\t\t<a class=\"qodef-popup-item\" itemprop=\"image\" href=\"https:\/\/www.sankt-annaberg.com\/wp-content\/uploads\/2024\/06\/DSCF5946-1.jpg\" data-type=\"image\" data-fslightbox=\"gallery-1\">\n\t\t\t\t\t<img fetchpriority=\"high\" decoding=\"async\" width=\"800\" height=\"1200\" src=\"https:\/\/www.sankt-annaberg.com\/wp-content\/uploads\/2024\/06\/DSCF5946-1.jpg\" class=\"attachment- size-\" alt=\"\" srcset=\"https:\/\/www.sankt-annaberg.com\/wp-content\/uploads\/2024\/06\/DSCF5946-1.jpg 800w, https:\/\/www.sankt-annaberg.com\/wp-content\/uploads\/2024\/06\/DSCF5946-1-200x300.jpg 200w, https:\/\/www.sankt-annaberg.com\/wp-content\/uploads\/2024\/06\/DSCF5946-1-683x1024.jpg 683w, https:\/\/www.sankt-annaberg.com\/wp-content\/uploads\/2024\/06\/DSCF5946-1-768x1152.jpg 768w\" sizes=\"(max-width: 800px) 100vw, 800px\" \/>\t\t\t\t\t<\/a>\n\t\t\t<\/div>\n<\/div>\n<div class=\"qodef-e qodef-image-wrapper qodef-grid-item qodef-item--\">\n\t<div class=\"qodef-e-inner\">\n\t\t\t\t\t<a class=\"qodef-popup-item\" itemprop=\"image\" href=\"https:\/\/www.sankt-annaberg.com\/wp-content\/uploads\/2024\/06\/DSCF5945-1.jpg\" data-type=\"image\" data-fslightbox=\"gallery-1\">\n\t\t\t\t\t<img decoding=\"async\" width=\"800\" height=\"1200\" src=\"https:\/\/www.sankt-annaberg.com\/wp-content\/uploads\/2024\/06\/DSCF5945-1.jpg\" class=\"attachment- size-\" alt=\"\" srcset=\"https:\/\/www.sankt-annaberg.com\/wp-content\/uploads\/2024\/06\/DSCF5945-1.jpg 800w, https:\/\/www.sankt-annaberg.com\/wp-content\/uploads\/2024\/06\/DSCF5945-1-200x300.jpg 200w, https:\/\/www.sankt-annaberg.com\/wp-content\/uploads\/2024\/06\/DSCF5945-1-683x1024.jpg 683w, https:\/\/www.sankt-annaberg.com\/wp-content\/uploads\/2024\/06\/DSCF5945-1-768x1152.jpg 768w\" sizes=\"(max-width: 800px) 100vw, 800px\" \/>\t\t\t\t\t<\/a>\n\t\t\t<\/div>\n<\/div>\n<div class=\"qodef-e qodef-image-wrapper qodef-grid-item qodef-item--\">\n\t<div class=\"qodef-e-inner\">\n\t\t\t\t\t<a class=\"qodef-popup-item\" itemprop=\"image\" href=\"https:\/\/www.sankt-annaberg.com\/wp-content\/uploads\/2024\/06\/DSCF5941.jpg\" data-type=\"image\" data-fslightbox=\"gallery-1\">\n\t\t\t\t\t<img decoding=\"async\" width=\"800\" height=\"1200\" src=\"https:\/\/www.sankt-annaberg.com\/wp-content\/uploads\/2024\/06\/DSCF5941.jpg\" class=\"attachment- size-\" alt=\"\" srcset=\"https:\/\/www.sankt-annaberg.com\/wp-content\/uploads\/2024\/06\/DSCF5941.jpg 800w, https:\/\/www.sankt-annaberg.com\/wp-content\/uploads\/2024\/06\/DSCF5941-200x300.jpg 200w, https:\/\/www.sankt-annaberg.com\/wp-content\/uploads\/2024\/06\/DSCF5941-683x1024.jpg 683w, https:\/\/www.sankt-annaberg.com\/wp-content\/uploads\/2024\/06\/DSCF5941-768x1152.jpg 768w\" sizes=\"(max-width: 800px) 100vw, 800px\" \/>\t\t\t\t\t<\/a>\n\t\t\t<\/div>\n<\/div>\n<div class=\"qodef-e qodef-image-wrapper qodef-grid-item qodef-item--\">\n\t<div class=\"qodef-e-inner\">\n\t\t\t\t\t<a class=\"qodef-popup-item\" itemprop=\"image\" href=\"https:\/\/www.sankt-annaberg.com\/wp-content\/uploads\/2024\/06\/DSCF5930-1.jpg\" data-type=\"image\" data-fslightbox=\"gallery-1\">\n\t\t\t\t\t<img loading=\"lazy\" decoding=\"async\" width=\"800\" height=\"1200\" src=\"https:\/\/www.sankt-annaberg.com\/wp-content\/uploads\/2024\/06\/DSCF5930-1.jpg\" class=\"attachment- size-\" alt=\"\" srcset=\"https:\/\/www.sankt-annaberg.com\/wp-content\/uploads\/2024\/06\/DSCF5930-1.jpg 800w, https:\/\/www.sankt-annaberg.com\/wp-content\/uploads\/2024\/06\/DSCF5930-1-200x300.jpg 200w, https:\/\/www.sankt-annaberg.com\/wp-content\/uploads\/2024\/06\/DSCF5930-1-683x1024.jpg 683w, https:\/\/www.sankt-annaberg.com\/wp-content\/uploads\/2024\/06\/DSCF5930-1-768x1152.jpg 768w\" sizes=\"(max-width: 800px) 100vw, 800px\" \/>\t\t\t\t\t<\/a>\n\t\t\t<\/div>\n<\/div>\n<div class=\"qodef-e qodef-image-wrapper qodef-grid-item qodef-item--\">\n\t<div class=\"qodef-e-inner\">\n\t\t\t\t\t<a class=\"qodef-popup-item\" itemprop=\"image\" href=\"https:\/\/www.sankt-annaberg.com\/wp-content\/uploads\/2024\/06\/DSCF5923-1.jpg\" data-type=\"image\" data-fslightbox=\"gallery-1\">\n\t\t\t\t\t<img loading=\"lazy\" decoding=\"async\" width=\"800\" height=\"1200\" src=\"https:\/\/www.sankt-annaberg.com\/wp-content\/uploads\/2024\/06\/DSCF5923-1.jpg\" class=\"attachment- size-\" alt=\"\" srcset=\"https:\/\/www.sankt-annaberg.com\/wp-content\/uploads\/2024\/06\/DSCF5923-1.jpg 800w, https:\/\/www.sankt-annaberg.com\/wp-content\/uploads\/2024\/06\/DSCF5923-1-200x300.jpg 200w, https:\/\/www.sankt-annaberg.com\/wp-content\/uploads\/2024\/06\/DSCF5923-1-683x1024.jpg 683w, https:\/\/www.sankt-annaberg.com\/wp-content\/uploads\/2024\/06\/DSCF5923-1-768x1152.jpg 768w\" sizes=\"(max-width: 800px) 100vw, 800px\" \/>\t\t\t\t\t<\/a>\n\t\t\t<\/div>\n<\/div>\n<div class=\"qodef-e qodef-image-wrapper qodef-grid-item qodef-item--\">\n\t<div class=\"qodef-e-inner\">\n\t\t\t\t\t<a class=\"qodef-popup-item\" itemprop=\"image\" href=\"https:\/\/www.sankt-annaberg.com\/wp-content\/uploads\/2024\/06\/DSC07321.jpg\" data-type=\"image\" data-fslightbox=\"gallery-1\">\n\t\t\t\t\t<img loading=\"lazy\" decoding=\"async\" width=\"1000\" height=\"562\" src=\"https:\/\/www.sankt-annaberg.com\/wp-content\/uploads\/2024\/06\/DSC07321.jpg\" class=\"attachment- size-\" alt=\"\" srcset=\"https:\/\/www.sankt-annaberg.com\/wp-content\/uploads\/2024\/06\/DSC07321.jpg 1000w, https:\/\/www.sankt-annaberg.com\/wp-content\/uploads\/2024\/06\/DSC07321-300x169.jpg 300w, https:\/\/www.sankt-annaberg.com\/wp-content\/uploads\/2024\/06\/DSC07321-768x432.jpg 768w\" sizes=\"(max-width: 1000px) 100vw, 1000px\" \/>\t\t\t\t\t<\/a>\n\t\t\t<\/div>\n<\/div>\n\t<\/div>\n<\/div>\n\t\t\t\t<\/div>\n\t\t\t\t<\/div>\n\t\t\t\t<div class=\"elementor-element elementor-element-fc4eb34 elementor-widget-divider--view-line elementor-widget elementor-widget-divider\" data-id=\"fc4eb34\" data-element_type=\"widget\" data-e-type=\"widget\" data-widget_type=\"divider.default\">\n\t\t\t\t<div class=\"elementor-widget-container\">\n\t\t\t\t\t\t\t<div class=\"elementor-divider\">\n\t\t\t<span class=\"elementor-divider-separator\">\n\t\t\t\t\t\t<\/span>\n\t\t<\/div>\n\t\t\t\t\t\t<\/div>\n\t\t\t\t<\/div>\n\t\t\t\t<div class=\"elementor-element elementor-element-0e06d60 elementor-widget elementor-widget-spacer\" data-id=\"0e06d60\" data-element_type=\"widget\" data-e-type=\"widget\" data-widget_type=\"spacer.default\">\n\t\t\t\t<div class=\"elementor-widget-container\">\n\t\t\t\t\t\t\t<div class=\"elementor-spacer\">\n\t\t\t<div class=\"elementor-spacer-inner\"><\/div>\n\t\t<\/div>\n\t\t\t\t\t\t<\/div>\n\t\t\t\t<\/div>\n\t\t\t\t\t<\/div>\n\t\t<\/div>\n\t\t\t\t\t<\/div>\n\t\t<\/section>\n\t\t\t\t<section class=\"elementor-section elementor-top-section elementor-element elementor-element-b517805 elementor-section-boxed elementor-section-height-default elementor-section-height-default\" data-id=\"b517805\" data-element_type=\"section\" data-e-type=\"section\">\n\t\t\t\t\t\t<div class=\"elementor-container elementor-column-gap-default\">\n\t\t\t\t\t<div class=\"elementor-column elementor-col-100 elementor-top-column elementor-element elementor-element-a1d6481\" data-id=\"a1d6481\" data-element_type=\"column\" data-e-type=\"column\">\n\t\t\t<div class=\"elementor-widget-wrap elementor-element-populated\">\n\t\t\t\t\t\t<div class=\"elementor-element elementor-element-4add2b6 elementor-widget elementor-widget-heading\" data-id=\"4add2b6\" data-element_type=\"widget\" data-e-type=\"widget\" data-widget_type=\"heading.default\">\n\t\t\t\t<div class=\"elementor-widget-container\">\n\t\t\t\t\t<h3 class=\"elementor-heading-title elementor-size-default\">Wine tasting<\/h3>\t\t\t\t<\/div>\n\t\t\t\t<\/div>\n\t\t\t\t<div class=\"elementor-element elementor-element-2d1c932 elementor-widget elementor-widget-text-editor\" data-id=\"2d1c932\" data-element_type=\"widget\" data-e-type=\"widget\" data-widget_type=\"text-editor.default\">\n\t\t\t\t<div class=\"elementor-widget-container\">\n\t\t\t\t\t\t\t\t\tWould you like to book a guided wine tasting for 6 or more people and immerse yourself in our world of wine? Then find out more here: \t\t\t\t\t\t\t\t<\/div>\n\t\t\t\t<\/div>\n\t\t\t\t<div class=\"elementor-element elementor-element-10c1816 elementor-widget elementor-widget-button\" data-id=\"10c1816\" data-element_type=\"widget\" data-e-type=\"widget\" data-widget_type=\"button.default\">\n\t\t\t\t<div class=\"elementor-widget-container\">\n\t\t\t\t\t\t\t\t\t<div class=\"elementor-button-wrapper\">\n\t\t\t\t\t<a class=\"elementor-button elementor-button-link elementor-size-sm\" href=\"https:\/\/www.sankt-annaberg.com\/en\/weinprobe\/\">\n\t\t\t\t\t\t<span class=\"elementor-button-content-wrapper\">\n\t\t\t\t\t\t\t\t\t<span class=\"elementor-button-text\">WINE TASTING<\/span>\n\t\t\t\t\t<\/span>\n\t\t\t\t\t<\/a>\n\t\t\t\t<\/div>\n\t\t\t\t\t\t\t\t<\/div>\n\t\t\t\t<\/div>\n\t\t\t\t\t<\/div>\n\t\t<\/div>\n\t\t\t\t\t<\/div>\n\t\t<\/section>\n\t\t\t\t<\/div>","protected":false},"excerpt":{"rendered":"<p>Weinlounge \u201e355 NN\u201c Als unser Gast k\u00f6nnen Sie in unserer Weinlounge \u201e355 NN\u201c die Weinsortimente der Weing\u00fcter Sankt Annaberg und Lergenm\u00fcller verkosten. Dazu reichen wir Pf\u00e4lzer Kleinigkeiten aus der Metzgerei Kieffer in Bad Bergzabern und genussreiche Appetizer. Die zahlreichen Sonnenstunden k\u00f6nnen Sie auf unserer Panorama-Terrasse mit Blick in die Rheinebene genie\u00dfen. \u00d6ffnungszeiten Di &#8211; Sa: [&hellip;]<\/p>\n","protected":false},"author":1,"featured_media":0,"parent":0,"menu_order":0,"comment_status":"closed","ping_status":"closed","template":"","meta":{"_seopress_robots_primary_cat":"","_seopress_titles_title":"Weinlounge \u201e355 NN\u201c auf dem Sankt Annaberg","_seopress_titles_desc":"Als unser Gast k\u00f6nnen Sie in unserer Weinlounge \u201e355 NN\u201c die Weinsortimente der Weing\u00fcter Sankt Annaberg und Lergenm\u00fcller verkosten.","_seopress_robots_index":"","footnotes":""},"class_list":["post-11826","page","type-page","status-publish","hentry"],"_links":{"self":[{"href":"https:\/\/www.sankt-annaberg.com\/en\/wp-json\/wp\/v2\/pages\/11826","targetHints":{"allow":["GET"]}}],"collection":[{"href":"https:\/\/www.sankt-annaberg.com\/en\/wp-json\/wp\/v2\/pages"}],"about":[{"href":"https:\/\/www.sankt-annaberg.com\/en\/wp-json\/wp\/v2\/types\/page"}],"author":[{"embeddable":true,"href":"https:\/\/www.sankt-annaberg.com\/en\/wp-json\/wp\/v2\/users\/1"}],"replies":[{"embeddable":true,"href":"https:\/\/www.sankt-annaberg.com\/en\/wp-json\/wp\/v2\/comments?post=11826"}],"version-history":[{"count":119,"href":"https:\/\/www.sankt-annaberg.com\/en\/wp-json\/wp\/v2\/pages\/11826\/revisions"}],"predecessor-version":[{"id":12271,"href":"https:\/\/www.sankt-annaberg.com\/en\/wp-json\/wp\/v2\/pages\/11826\/revisions\/12271"}],"wp:attachment":[{"href":"https:\/\/www.sankt-annaberg.com\/en\/wp-json\/wp\/v2\/media?parent=11826"}],"curies":[{"name":"wp","href":"https:\/\/api.w.org\/{rel}","templated":true}]}}